{"id":1690,"date":"2017-02-14T19:58:55","date_gmt":"2017-02-14T19:58:55","guid":{"rendered":"http:\/\/ca.moduloc2020.com\/installations\/garden-center-products\/"},"modified":"2020-06-17T20:03:10","modified_gmt":"2020-06-17T20:03:10","slug":"centres-de-jardinage","status":"publish","type":"page","link":"https:\/\/moduloc.ca\/fr\/types-dinstallation\/centres-de-jardinage\/","title":{"rendered":"Solutions s\u00e9curitaires pour centres de jardinage"},"content":{"rendered":"<p>Vous songez \u00e0 agrandir votre espace pour la vente au d\u00e9tail de vos marchandises saisonni\u00e8res? Qu\u2019il s\u2019agisse d\u2019un march\u00e9 ext\u00e9rieur, d\u2019un terrain d\u2019arbres de No\u00ebl ou de produits pour la saison de jardinage au printemps et en \u00e9t\u00e9, nous vous proposons des solutions temporaires s\u00e9curitaires visuellement attrayantes.<\/p>\n<h2>Raisons qui font de nous votre fournisseur de cl\u00f4tures par excellence<\/h2>\n<p>SOLUTIONS DE S\u00c9CURIT\u00c9 INNOVANTES<\/p>\n<p>Syst\u00e8me exhaustif de lutte contre les effractions gr\u00e2ce aux rampes emp\u00eachant l\u2019ascension, aux pinces de s\u00e9curit\u00e9 et aux dispositifs de verrouillage contribuant \u00e0 assurer la s\u00e9curit\u00e9 des marchandises.<\/p>\n<p>SERVICE ET CONSEILS \u00c9CLAIR\u00c9S<\/p>\n<p>R\u00e9ponse garantie dans les 24 heures, outre l\u2019acc\u00e8s aux conseils \u00e9clair\u00e9s de nos \u00ab gars de la cl\u00f4ture \u00bb exp\u00e9riment\u00e9s pour assurer une s\u00e9curit\u00e9 optimale sur les chantiers..<\/p>\n<p>POINTS D\u2019ACC\u00c8S CONTR\u00d4L\u00c9S<\/p>\n<p>\u00c9ventail de syst\u00e8mes de portes et de styles pour l\u2019acc\u00e8s s\u00e9curitaire du personnel et des v\u00e9hicules.<\/p>\n<p>NOTORI\u00c9T\u00c9 ACCRUE<\/p>\n<p>Les cloisons arborant la marque de l\u2019entreprise constituent non seulement une solution prot\u00e9geant contre les regards indiscrets, mais offrent aussi une fa\u00e7on attrayante et \u00e9conomique d\u2019int\u00e9grer une signalisation additionnelle dans votre espace.<\/p>\n<div class=\"btn btn-green\"><a href=\"\/wp-content\/uploads\/2017\/06\/GRDN-FR-2014-10-V01.pdf\" target=\"_blank\" rel=\"noopener noreferrer\">T\u00c9L\u00c9CHARGER PDF<img decoding=\"async\" src=\"\/wp-content\/themes\/moduloc\/images\/btnArrow.png\" alt=\"\" \/><\/a><\/div>\n","protected":false},"excerpt":{"rendered":"Looking to expand your retail space for seasonal merchandise? Whether it\u2019s an outdoor market, Christmas tree lot or for the spring\/summer gardening season, we have secure, temporary solutions that are also visually appealing.","protected":false},"author":1,"featured_media":4834,"parent":1682,"menu_order":0,"comment_status":"closed","ping_status":"closed","template":"page-installation.php","meta":{"_acf_changed":false,"inline_featured_image":false,"footnotes":""},"categories":[85],"class_list":["post-1690","page","type-page","status-publish","has-post-thumbnail","hentry","category-centres-de-jardinage"],"acf":[],"yoast_head":"<!-- This site is optimized with the Yoast SEO plugin v27.6 - https:\/\/yoast.com\/product\/yoast-seo-wordpress\/ -->\n<title>Solutions s\u00e9curitaires pour centres de jardinage | Modu-Loc Canada<\/title>\n<meta name=\"robots\" content=\"index, follow, max-snippet:-1, max-image-preview:large, max-video-preview:-1\" \/>\n<link rel=\"canonical\" href=\"https:\/\/moduloc.ca\/fr\/types-dinstallation\/centres-de-jardinage\/\" \/>\n<meta property=\"og:locale\" content=\"fr_CA\" \/>\n<meta property=\"og:type\" content=\"article\" \/>\n<meta property=\"og:title\" content=\"Solutions s\u00e9curitaires pour centres de jardinage | Modu-Loc Canada\" \/>\n<meta property=\"og:description\" content=\"Looking to expand your retail space for seasonal merchandise? Whether it\u2019s an outdoor market, Christmas tree lot or for the spring\/summer gardening season, we have secure, temporary solutions that are also visually appealing.\" \/>\n<meta property=\"og:url\" content=\"https:\/\/moduloc.ca\/fr\/types-dinstallation\/centres-de-jardinage\/\" \/>\n<meta property=\"og:site_name\" content=\"Modu-Loc Canada\" \/>\n<meta property=\"article:modified_time\" content=\"2020-06-17T20:03:10+00:00\" \/>\n<meta property=\"og:image\" content=\"https:\/\/moduloc.ca\/wp-content\/uploads\/2020\/03\/Garden-Centres-Banner-2-scaled.jpg\" \/>\n\t<meta property=\"og:image:width\" content=\"2560\" \/>\n\t<meta property=\"og:image:height\" content=\"1920\" \/>\n\t<meta property=\"og:image:type\" content=\"image\/jpeg\" \/>\n<meta name=\"twitter:card\" content=\"summary_large_image\" \/>\n<meta name=\"twitter:site\" content=\"@ModulocFence\" \/>\n<meta name=\"twitter:label1\" content=\"Estimation du temps de lecture\" \/>\n\t<meta name=\"twitter:data1\" content=\"1 minute\" \/>\n<script type=\"application\/ld+json\" class=\"yoast-schema-graph\">{\"@context\":\"https:\\\/\\\/schema.org\",\"@graph\":[{\"@type\":\"WebPage\",\"@id\":\"https:\\\/\\\/moduloc.ca\\\/fr\\\/types-dinstallation\\\/centres-de-jardinage\\\/\",\"url\":\"https:\\\/\\\/moduloc.ca\\\/fr\\\/types-dinstallation\\\/centres-de-jardinage\\\/\",\"name\":\"Solutions s\u00e9curitaires pour centres de jardinage | Modu-Loc Canada\",\"isPartOf\":{\"@id\":\"https:\\\/\\\/moduloc.ca\\\/fr\\\/#website\"},\"primaryImageOfPage\":{\"@id\":\"https:\\\/\\\/moduloc.ca\\\/fr\\\/types-dinstallation\\\/centres-de-jardinage\\\/#primaryimage\"},\"image\":{\"@id\":\"https:\\\/\\\/moduloc.ca\\\/fr\\\/types-dinstallation\\\/centres-de-jardinage\\\/#primaryimage\"},\"thumbnailUrl\":\"https:\\\/\\\/moduloc.ca\\\/wp-content\\\/uploads\\\/2023\\\/07\\\/Installation-Types-Garden-Centres-scaled.jpg\",\"datePublished\":\"2017-02-14T19:58:55+00:00\",\"dateModified\":\"2020-06-17T20:03:10+00:00\",\"breadcrumb\":{\"@id\":\"https:\\\/\\\/moduloc.ca\\\/fr\\\/types-dinstallation\\\/centres-de-jardinage\\\/#breadcrumb\"},\"inLanguage\":\"fr-CA\",\"potentialAction\":[{\"@type\":\"ReadAction\",\"target\":[\"https:\\\/\\\/moduloc.ca\\\/fr\\\/types-dinstallation\\\/centres-de-jardinage\\\/\"]}]},{\"@type\":\"ImageObject\",\"inLanguage\":\"fr-CA\",\"@id\":\"https:\\\/\\\/moduloc.ca\\\/fr\\\/types-dinstallation\\\/centres-de-jardinage\\\/#primaryimage\",\"url\":\"https:\\\/\\\/moduloc.ca\\\/wp-content\\\/uploads\\\/2023\\\/07\\\/Installation-Types-Garden-Centres-scaled.jpg\",\"contentUrl\":\"https:\\\/\\\/moduloc.ca\\\/wp-content\\\/uploads\\\/2023\\\/07\\\/Installation-Types-Garden-Centres-scaled.jpg\",\"width\":2560,\"height\":1561,\"caption\":\"Garden Centre Fencing\"},{\"@type\":\"BreadcrumbList\",\"@id\":\"https:\\\/\\\/moduloc.ca\\\/fr\\\/types-dinstallation\\\/centres-de-jardinage\\\/#breadcrumb\",\"itemListElement\":[{\"@type\":\"ListItem\",\"position\":1,\"name\":\"Home\",\"item\":\"https:\\\/\\\/moduloc.ca\\\/fr\\\/\"},{\"@type\":\"ListItem\",\"position\":2,\"name\":\"Types d\u2019installation\",\"item\":\"https:\\\/\\\/moduloc.ca\\\/fr\\\/types-dinstallation\\\/\"},{\"@type\":\"ListItem\",\"position\":3,\"name\":\"Solutions s\u00e9curitaires pour centres de jardinage\"}]},{\"@type\":\"WebSite\",\"@id\":\"https:\\\/\\\/moduloc.ca\\\/fr\\\/#website\",\"url\":\"https:\\\/\\\/moduloc.ca\\\/fr\\\/\",\"name\":\"Modu-Loc Canada\",\"description\":\"SECURING WHAT MATTERS.\",\"publisher\":{\"@id\":\"https:\\\/\\\/moduloc.ca\\\/fr\\\/#organization\"},\"potentialAction\":[{\"@type\":\"SearchAction\",\"target\":{\"@type\":\"EntryPoint\",\"urlTemplate\":\"https:\\\/\\\/moduloc.ca\\\/fr\\\/?s={search_term_string}\"},\"query-input\":{\"@type\":\"PropertyValueSpecification\",\"valueRequired\":true,\"valueName\":\"search_term_string\"}}],\"inLanguage\":\"fr-CA\"},{\"@type\":\"Organization\",\"@id\":\"https:\\\/\\\/moduloc.ca\\\/fr\\\/#organization\",\"name\":\"Modu-Loc Canada\",\"url\":\"https:\\\/\\\/moduloc.ca\\\/fr\\\/\",\"logo\":{\"@type\":\"ImageObject\",\"inLanguage\":\"fr-CA\",\"@id\":\"https:\\\/\\\/moduloc.ca\\\/fr\\\/#\\\/schema\\\/logo\\\/image\\\/\",\"url\":\"https:\\\/\\\/moduloc.ca\\\/wp-content\\\/uploads\\\/2021\\\/11\\\/Moduloc-Logo1.svg\",\"contentUrl\":\"https:\\\/\\\/moduloc.ca\\\/wp-content\\\/uploads\\\/2021\\\/11\\\/Moduloc-Logo1.svg\",\"width\":\"1024\",\"height\":\"1024\",\"caption\":\"Modu-Loc Canada\"},\"image\":{\"@id\":\"https:\\\/\\\/moduloc.ca\\\/fr\\\/#\\\/schema\\\/logo\\\/image\\\/\"},\"sameAs\":[\"https:\\\/\\\/x.com\\\/ModulocFence\",\"https:\\\/\\\/www.instagram.com\\\/moduloc\\\/\",\"https:\\\/\\\/www.linkedin.com\\\/company\\\/modu-loc-fence-rentals-ltd\\\/\",\"https:\\\/\\\/www.youtube.com\\\/modulocfencerentals\"]}]}<\/script>\n<!-- \/ Yoast SEO plugin. -->","yoast_head_json":{"title":"Solutions s\u00e9curitaires pour centres de jardinage | Modu-Loc Canada","robots":{"index":"index","follow":"follow","max-snippet":"max-snippet:-1","max-image-preview":"max-image-preview:large","max-video-preview":"max-video-preview:-1"},"canonical":"https:\/\/moduloc.ca\/fr\/types-dinstallation\/centres-de-jardinage\/","og_locale":"fr_CA","og_type":"article","og_title":"Solutions s\u00e9curitaires pour centres de jardinage | Modu-Loc Canada","og_description":"Looking to expand your retail space for seasonal merchandise? Whether it\u2019s an outdoor market, Christmas tree lot or for the spring\/summer gardening season, we have secure, temporary solutions that are also visually appealing.","og_url":"https:\/\/moduloc.ca\/fr\/types-dinstallation\/centres-de-jardinage\/","og_site_name":"Modu-Loc Canada","article_modified_time":"2020-06-17T20:03:10+00:00","og_image":[{"width":2560,"height":1920,"url":"https:\/\/moduloc.ca\/wp-content\/uploads\/2020\/03\/Garden-Centres-Banner-2-scaled.jpg","type":"image\/jpeg"}],"twitter_card":"summary_large_image","twitter_site":"@ModulocFence","twitter_misc":{"Estimation du temps de lecture":"1 minute"},"schema":{"@context":"https:\/\/schema.org","@graph":[{"@type":"WebPage","@id":"https:\/\/moduloc.ca\/fr\/types-dinstallation\/centres-de-jardinage\/","url":"https:\/\/moduloc.ca\/fr\/types-dinstallation\/centres-de-jardinage\/","name":"Solutions s\u00e9curitaires pour centres de jardinage | Modu-Loc Canada","isPartOf":{"@id":"https:\/\/moduloc.ca\/fr\/#website"},"primaryImageOfPage":{"@id":"https:\/\/moduloc.ca\/fr\/types-dinstallation\/centres-de-jardinage\/#primaryimage"},"image":{"@id":"https:\/\/moduloc.ca\/fr\/types-dinstallation\/centres-de-jardinage\/#primaryimage"},"thumbnailUrl":"https:\/\/moduloc.ca\/wp-content\/uploads\/2023\/07\/Installation-Types-Garden-Centres-scaled.jpg","datePublished":"2017-02-14T19:58:55+00:00","dateModified":"2020-06-17T20:03:10+00:00","breadcrumb":{"@id":"https:\/\/moduloc.ca\/fr\/types-dinstallation\/centres-de-jardinage\/#breadcrumb"},"inLanguage":"fr-CA","potentialAction":[{"@type":"ReadAction","target":["https:\/\/moduloc.ca\/fr\/types-dinstallation\/centres-de-jardinage\/"]}]},{"@type":"ImageObject","inLanguage":"fr-CA","@id":"https:\/\/moduloc.ca\/fr\/types-dinstallation\/centres-de-jardinage\/#primaryimage","url":"https:\/\/moduloc.ca\/wp-content\/uploads\/2023\/07\/Installation-Types-Garden-Centres-scaled.jpg","contentUrl":"https:\/\/moduloc.ca\/wp-content\/uploads\/2023\/07\/Installation-Types-Garden-Centres-scaled.jpg","width":2560,"height":1561,"caption":"Garden Centre Fencing"},{"@type":"BreadcrumbList","@id":"https:\/\/moduloc.ca\/fr\/types-dinstallation\/centres-de-jardinage\/#breadcrumb","itemListElement":[{"@type":"ListItem","position":1,"name":"Home","item":"https:\/\/moduloc.ca\/fr\/"},{"@type":"ListItem","position":2,"name":"Types d\u2019installation","item":"https:\/\/moduloc.ca\/fr\/types-dinstallation\/"},{"@type":"ListItem","position":3,"name":"Solutions s\u00e9curitaires pour centres de jardinage"}]},{"@type":"WebSite","@id":"https:\/\/moduloc.ca\/fr\/#website","url":"https:\/\/moduloc.ca\/fr\/","name":"Modu-Loc Canada","description":"SECURING WHAT MATTERS.","publisher":{"@id":"https:\/\/moduloc.ca\/fr\/#organization"},"potentialAction":[{"@type":"SearchAction","target":{"@type":"EntryPoint","urlTemplate":"https:\/\/moduloc.ca\/fr\/?s={search_term_string}"},"query-input":{"@type":"PropertyValueSpecification","valueRequired":true,"valueName":"search_term_string"}}],"inLanguage":"fr-CA"},{"@type":"Organization","@id":"https:\/\/moduloc.ca\/fr\/#organization","name":"Modu-Loc Canada","url":"https:\/\/moduloc.ca\/fr\/","logo":{"@type":"ImageObject","inLanguage":"fr-CA","@id":"https:\/\/moduloc.ca\/fr\/#\/schema\/logo\/image\/","url":"https:\/\/moduloc.ca\/wp-content\/uploads\/2021\/11\/Moduloc-Logo1.svg","contentUrl":"https:\/\/moduloc.ca\/wp-content\/uploads\/2021\/11\/Moduloc-Logo1.svg","width":"1024","height":"1024","caption":"Modu-Loc Canada"},"image":{"@id":"https:\/\/moduloc.ca\/fr\/#\/schema\/logo\/image\/"},"sameAs":["https:\/\/x.com\/ModulocFence","https:\/\/www.instagram.com\/moduloc\/","https:\/\/www.linkedin.com\/company\/modu-loc-fence-rentals-ltd\/","https:\/\/www.youtube.com\/modulocfencerentals"]}]}},"_links":{"self":[{"href":"https:\/\/moduloc.ca\/fr\/wp-json\/wp\/v2\/pages\/1690","targetHints":{"allow":["GET"]}}],"collection":[{"href":"https:\/\/moduloc.ca\/fr\/wp-json\/wp\/v2\/pages"}],"about":[{"href":"https:\/\/moduloc.ca\/fr\/wp-json\/wp\/v2\/types\/page"}],"author":[{"embeddable":true,"href":"https:\/\/moduloc.ca\/fr\/wp-json\/wp\/v2\/users\/1"}],"replies":[{"embeddable":true,"href":"https:\/\/moduloc.ca\/fr\/wp-json\/wp\/v2\/comments?post=1690"}],"version-history":[{"count":2,"href":"https:\/\/moduloc.ca\/fr\/wp-json\/wp\/v2\/pages\/1690\/revisions"}],"predecessor-version":[{"id":2366,"href":"https:\/\/moduloc.ca\/fr\/wp-json\/wp\/v2\/pages\/1690\/revisions\/2366"}],"up":[{"embeddable":true,"href":"https:\/\/moduloc.ca\/fr\/wp-json\/wp\/v2\/pages\/1682"}],"wp:featuredmedia":[{"embeddable":true,"href":"https:\/\/moduloc.ca\/fr\/wp-json\/wp\/v2\/media\/4834"}],"wp:attachment":[{"href":"https:\/\/moduloc.ca\/fr\/wp-json\/wp\/v2\/media?parent=1690"}],"wp:term":[{"taxonomy":"category","embeddable":true,"href":"https:\/\/moduloc.ca\/fr\/wp-json\/wp\/v2\/categories?post=1690"}],"curies":[{"name":"wp","href":"https:\/\/api.w.org\/{rel}","templated":true}]}}