{"id":1685,"date":"2017-02-14T19:52:23","date_gmt":"2017-02-14T19:52:23","guid":{"rendered":"http:\/\/ca.moduloc2020.com\/installations\/construction-products\/"},"modified":"2020-06-01T16:10:50","modified_gmt":"2020-06-01T16:10:50","slug":"construction-products","status":"publish","type":"page","link":"https:\/\/moduloc.ca\/fr\/types-dinstallation\/construction-products\/","title":{"rendered":"Optimiser la s\u00e9curit\u00e9 pour la construction"},"content":{"rendered":"<p>La s\u00e9curit\u00e9 \u00e9tant une priorit\u00e9 absolue, Modu-Loc fournit des conseils d&rsquo;experts pour optimiser la s\u00e9curit\u00e9 de chaque chantier tout en aidant \u00e0 prot\u00e9ger les travailleurs du site et le grand public. Nos syst\u00e8mes de cl\u00f4ture complets satisfont et d\u00e9passent les exigences en mati\u00e8re de s\u00e9curit\u00e9 et de s\u00e9curisation des panneaux de construction temporaires, et constituent une alternative \u00e9conomique et durable aux options traditionnelles en contreplaqu\u00e9.<\/p>\n<h2>Raisons qui font de nous votre fournisseur de cl\u00f4tures par excellence<\/h2>\n<p>SOLUTIONS DE S\u00c9CURIT\u00c9 INNOVANTES<\/p>\n<p>Un syst\u00e8me complet de dissuasion avec des rampes \u00e0 pointe, des serres de s\u00e9curit\u00e9 et du mat\u00e9riel de verrouillage permettant de s\u00e9curiser l&rsquo;\u00e9quipement et de garantir tout acc\u00e8s non autoris\u00e9.<\/p>\n<p>ACCENT MIS SUR LA S\u00c9CURIT\u00c9 D\u2019ABORD ET AVANT TOUT<\/p>\n<p>Solutions de s\u00e9curit\u00e9 qui limitent la responsabilit\u00e9 et pr\u00e9viennent les blessures pour le public et les travailleurs sur le chantier.<\/p>\n<p>CONSEILS \u00c9CLAIR\u00c9S ET SAVOIR-FAIRE<\/p>\n<p>Nos \u00ab gars de la cl\u00f4ture \u00bb exp\u00e9riment\u00e9s offrent des conseils \u00e9clair\u00e9s afin d\u2019optimiser la s\u00e9curit\u00e9 des sites.<\/p>\n<p>SYST\u00c8MES D\u2019INSTALLATION SUP\u00c9RIEURS<\/p>\n<p>Notre cl\u00f4ture est plus durable et fiable que la palissade traditionnelle en contreplaqu\u00e9. Nous proposons des solutions qui s&rsquo;adaptent aux conditions de site les plus exigeantes, notamment les vents violents, les terrains accident\u00e9s et les configurations en bordure de route.<\/p>\n<p>POINTS D\u2019ACC\u00c8S CONTR\u00d4L\u00c9S<\/p>\n<p>Gamme de syst\u00e8mes de portes et de styles pour l\u2019acc\u00e8s s\u00e9curitaire du personnel et des v\u00e9hicules.<\/p>\n<p>OCCASIONS DE STRAT\u00c9GIE DE MARQUE<\/p>\n<p>Une cloison prot\u00e9geant contre les regards indiscrets arborant la marque de l\u2019entreprise peut accro\u00eetre les occasions de visibilit\u00e9, de protection contre les regards indiscrets et de publicit\u00e9, en faisant une solution de rechange \u00e9conomique aux palissades de chantier traditionnelles.<\/p>\n<div class=\"btn btn-green\"><a href=\"\/wp-content\/uploads\/2020\/06\/FR_Modu-Loc_Construction_Catalogue_May2023.pdf\" target=\"_blank\" rel=\"noopener noreferrer\">T\u00c9L\u00c9CHARGER PDF<img decoding=\"async\" src=\"\/wp-content\/themes\/moduloc\/images\/btnArrow.png\" alt=\"\" \/><\/a><\/div>\n","protected":false},"excerpt":{"rendered":"La s\u00e9curit\u00e9 \u00e9tant une priorit\u00e9 absolue, Modu-Loc fournit des conseils \u00e9clair\u00e9s pour optimiser la s\u00e9curit\u00e9 de chaque chantier tout en aidant \u00e0 prot\u00e9ger les travailleurs du chantier et le public.","protected":false},"author":1,"featured_media":4836,"parent":1682,"menu_order":0,"comment_status":"closed","ping_status":"closed","template":"page-installation.php","meta":{"_acf_changed":false,"inline_featured_image":false,"footnotes":""},"categories":[84],"class_list":["post-1685","page","type-page","status-publish","has-post-thumbnail","hentry","category-construction-fr"],"acf":[],"yoast_head":"<!-- This site is optimized with the Yoast SEO plugin v27.5 - https:\/\/yoast.com\/product\/yoast-seo-wordpress\/ -->\n<title>Optimiser la s\u00e9curit\u00e9 pour la construction | Modu-Loc Canada<\/title>\n<meta name=\"robots\" content=\"index, follow, max-snippet:-1, max-image-preview:large, max-video-preview:-1\" \/>\n<link rel=\"canonical\" href=\"https:\/\/moduloc.ca\/fr\/types-dinstallation\/construction-products\/\" \/>\n<meta property=\"og:locale\" content=\"fr_CA\" \/>\n<meta property=\"og:type\" content=\"article\" \/>\n<meta property=\"og:title\" content=\"Optimiser la s\u00e9curit\u00e9 pour la construction | Modu-Loc Canada\" \/>\n<meta property=\"og:description\" content=\"La s\u00e9curit\u00e9 \u00e9tant une priorit\u00e9 absolue, Modu-Loc fournit des conseils \u00e9clair\u00e9s pour optimiser la s\u00e9curit\u00e9 de chaque chantier tout en aidant \u00e0 prot\u00e9ger les travailleurs du chantier et le public.\" \/>\n<meta property=\"og:url\" content=\"https:\/\/moduloc.ca\/fr\/types-dinstallation\/construction-products\/\" \/>\n<meta property=\"og:site_name\" content=\"Modu-Loc Canada\" \/>\n<meta property=\"article:modified_time\" content=\"2020-06-01T16:10:50+00:00\" \/>\n<meta property=\"og:image\" content=\"https:\/\/moduloc.ca\/wp-content\/uploads\/2020\/03\/Construction-Banner-1-3.jpg\" \/>\n\t<meta property=\"og:image:width\" content=\"1600\" \/>\n\t<meta property=\"og:image:height\" content=\"900\" \/>\n\t<meta property=\"og:image:type\" content=\"image\/jpeg\" \/>\n<meta name=\"twitter:card\" content=\"summary_large_image\" \/>\n<meta name=\"twitter:site\" content=\"@ModulocFence\" \/>\n<meta name=\"twitter:label1\" content=\"Estimation du temps de lecture\" \/>\n\t<meta name=\"twitter:data1\" content=\"2 minutes\" \/>\n<script type=\"application\/ld+json\" class=\"yoast-schema-graph\">{\"@context\":\"https:\\\/\\\/schema.org\",\"@graph\":[{\"@type\":\"WebPage\",\"@id\":\"https:\\\/\\\/moduloc.ca\\\/fr\\\/types-dinstallation\\\/construction-products\\\/\",\"url\":\"https:\\\/\\\/moduloc.ca\\\/fr\\\/types-dinstallation\\\/construction-products\\\/\",\"name\":\"Optimiser la s\u00e9curit\u00e9 pour la construction | Modu-Loc Canada\",\"isPartOf\":{\"@id\":\"https:\\\/\\\/moduloc.ca\\\/fr\\\/#website\"},\"primaryImageOfPage\":{\"@id\":\"https:\\\/\\\/moduloc.ca\\\/fr\\\/types-dinstallation\\\/construction-products\\\/#primaryimage\"},\"image\":{\"@id\":\"https:\\\/\\\/moduloc.ca\\\/fr\\\/types-dinstallation\\\/construction-products\\\/#primaryimage\"},\"thumbnailUrl\":\"https:\\\/\\\/moduloc.ca\\\/wp-content\\\/uploads\\\/2023\\\/07\\\/Installation-Types-Construction.jpeg\",\"datePublished\":\"2017-02-14T19:52:23+00:00\",\"dateModified\":\"2020-06-01T16:10:50+00:00\",\"breadcrumb\":{\"@id\":\"https:\\\/\\\/moduloc.ca\\\/fr\\\/types-dinstallation\\\/construction-products\\\/#breadcrumb\"},\"inLanguage\":\"fr-CA\",\"potentialAction\":[{\"@type\":\"ReadAction\",\"target\":[\"https:\\\/\\\/moduloc.ca\\\/fr\\\/types-dinstallation\\\/construction-products\\\/\"]}]},{\"@type\":\"ImageObject\",\"inLanguage\":\"fr-CA\",\"@id\":\"https:\\\/\\\/moduloc.ca\\\/fr\\\/types-dinstallation\\\/construction-products\\\/#primaryimage\",\"url\":\"https:\\\/\\\/moduloc.ca\\\/wp-content\\\/uploads\\\/2023\\\/07\\\/Installation-Types-Construction.jpeg\",\"contentUrl\":\"https:\\\/\\\/moduloc.ca\\\/wp-content\\\/uploads\\\/2023\\\/07\\\/Installation-Types-Construction.jpeg\",\"width\":2016,\"height\":1512,\"caption\":\"Construction fencing\"},{\"@type\":\"BreadcrumbList\",\"@id\":\"https:\\\/\\\/moduloc.ca\\\/fr\\\/types-dinstallation\\\/construction-products\\\/#breadcrumb\",\"itemListElement\":[{\"@type\":\"ListItem\",\"position\":1,\"name\":\"Home\",\"item\":\"https:\\\/\\\/moduloc.ca\\\/fr\\\/\"},{\"@type\":\"ListItem\",\"position\":2,\"name\":\"Types d\u2019installation\",\"item\":\"https:\\\/\\\/moduloc.ca\\\/fr\\\/types-dinstallation\\\/\"},{\"@type\":\"ListItem\",\"position\":3,\"name\":\"Optimiser la s\u00e9curit\u00e9 pour la construction\"}]},{\"@type\":\"WebSite\",\"@id\":\"https:\\\/\\\/moduloc.ca\\\/fr\\\/#website\",\"url\":\"https:\\\/\\\/moduloc.ca\\\/fr\\\/\",\"name\":\"Modu-Loc Canada\",\"description\":\"SECURING WHAT MATTERS.\",\"publisher\":{\"@id\":\"https:\\\/\\\/moduloc.ca\\\/fr\\\/#organization\"},\"potentialAction\":[{\"@type\":\"SearchAction\",\"target\":{\"@type\":\"EntryPoint\",\"urlTemplate\":\"https:\\\/\\\/moduloc.ca\\\/fr\\\/?s={search_term_string}\"},\"query-input\":{\"@type\":\"PropertyValueSpecification\",\"valueRequired\":true,\"valueName\":\"search_term_string\"}}],\"inLanguage\":\"fr-CA\"},{\"@type\":\"Organization\",\"@id\":\"https:\\\/\\\/moduloc.ca\\\/fr\\\/#organization\",\"name\":\"Modu-Loc Canada\",\"url\":\"https:\\\/\\\/moduloc.ca\\\/fr\\\/\",\"logo\":{\"@type\":\"ImageObject\",\"inLanguage\":\"fr-CA\",\"@id\":\"https:\\\/\\\/moduloc.ca\\\/fr\\\/#\\\/schema\\\/logo\\\/image\\\/\",\"url\":\"https:\\\/\\\/moduloc.ca\\\/wp-content\\\/uploads\\\/2021\\\/11\\\/Moduloc-Logo1.svg\",\"contentUrl\":\"https:\\\/\\\/moduloc.ca\\\/wp-content\\\/uploads\\\/2021\\\/11\\\/Moduloc-Logo1.svg\",\"width\":\"1024\",\"height\":\"1024\",\"caption\":\"Modu-Loc Canada\"},\"image\":{\"@id\":\"https:\\\/\\\/moduloc.ca\\\/fr\\\/#\\\/schema\\\/logo\\\/image\\\/\"},\"sameAs\":[\"https:\\\/\\\/x.com\\\/ModulocFence\",\"https:\\\/\\\/www.instagram.com\\\/moduloc\\\/\",\"https:\\\/\\\/www.linkedin.com\\\/company\\\/modu-loc-fence-rentals-ltd\\\/\",\"https:\\\/\\\/www.youtube.com\\\/modulocfencerentals\"]}]}<\/script>\n<!-- \/ Yoast SEO plugin. -->","yoast_head_json":{"title":"Optimiser la s\u00e9curit\u00e9 pour la construction | Modu-Loc Canada","robots":{"index":"index","follow":"follow","max-snippet":"max-snippet:-1","max-image-preview":"max-image-preview:large","max-video-preview":"max-video-preview:-1"},"canonical":"https:\/\/moduloc.ca\/fr\/types-dinstallation\/construction-products\/","og_locale":"fr_CA","og_type":"article","og_title":"Optimiser la s\u00e9curit\u00e9 pour la construction | Modu-Loc Canada","og_description":"La s\u00e9curit\u00e9 \u00e9tant une priorit\u00e9 absolue, Modu-Loc fournit des conseils \u00e9clair\u00e9s pour optimiser la s\u00e9curit\u00e9 de chaque chantier tout en aidant \u00e0 prot\u00e9ger les travailleurs du chantier et le public.","og_url":"https:\/\/moduloc.ca\/fr\/types-dinstallation\/construction-products\/","og_site_name":"Modu-Loc Canada","article_modified_time":"2020-06-01T16:10:50+00:00","og_image":[{"width":1600,"height":900,"url":"https:\/\/moduloc.ca\/wp-content\/uploads\/2020\/03\/Construction-Banner-1-3.jpg","type":"image\/jpeg"}],"twitter_card":"summary_large_image","twitter_site":"@ModulocFence","twitter_misc":{"Estimation du temps de lecture":"2 minutes"},"schema":{"@context":"https:\/\/schema.org","@graph":[{"@type":"WebPage","@id":"https:\/\/moduloc.ca\/fr\/types-dinstallation\/construction-products\/","url":"https:\/\/moduloc.ca\/fr\/types-dinstallation\/construction-products\/","name":"Optimiser la s\u00e9curit\u00e9 pour la construction | Modu-Loc Canada","isPartOf":{"@id":"https:\/\/moduloc.ca\/fr\/#website"},"primaryImageOfPage":{"@id":"https:\/\/moduloc.ca\/fr\/types-dinstallation\/construction-products\/#primaryimage"},"image":{"@id":"https:\/\/moduloc.ca\/fr\/types-dinstallation\/construction-products\/#primaryimage"},"thumbnailUrl":"https:\/\/moduloc.ca\/wp-content\/uploads\/2023\/07\/Installation-Types-Construction.jpeg","datePublished":"2017-02-14T19:52:23+00:00","dateModified":"2020-06-01T16:10:50+00:00","breadcrumb":{"@id":"https:\/\/moduloc.ca\/fr\/types-dinstallation\/construction-products\/#breadcrumb"},"inLanguage":"fr-CA","potentialAction":[{"@type":"ReadAction","target":["https:\/\/moduloc.ca\/fr\/types-dinstallation\/construction-products\/"]}]},{"@type":"ImageObject","inLanguage":"fr-CA","@id":"https:\/\/moduloc.ca\/fr\/types-dinstallation\/construction-products\/#primaryimage","url":"https:\/\/moduloc.ca\/wp-content\/uploads\/2023\/07\/Installation-Types-Construction.jpeg","contentUrl":"https:\/\/moduloc.ca\/wp-content\/uploads\/2023\/07\/Installation-Types-Construction.jpeg","width":2016,"height":1512,"caption":"Construction fencing"},{"@type":"BreadcrumbList","@id":"https:\/\/moduloc.ca\/fr\/types-dinstallation\/construction-products\/#breadcrumb","itemListElement":[{"@type":"ListItem","position":1,"name":"Home","item":"https:\/\/moduloc.ca\/fr\/"},{"@type":"ListItem","position":2,"name":"Types d\u2019installation","item":"https:\/\/moduloc.ca\/fr\/types-dinstallation\/"},{"@type":"ListItem","position":3,"name":"Optimiser la s\u00e9curit\u00e9 pour la construction"}]},{"@type":"WebSite","@id":"https:\/\/moduloc.ca\/fr\/#website","url":"https:\/\/moduloc.ca\/fr\/","name":"Modu-Loc Canada","description":"SECURING WHAT MATTERS.","publisher":{"@id":"https:\/\/moduloc.ca\/fr\/#organization"},"potentialAction":[{"@type":"SearchAction","target":{"@type":"EntryPoint","urlTemplate":"https:\/\/moduloc.ca\/fr\/?s={search_term_string}"},"query-input":{"@type":"PropertyValueSpecification","valueRequired":true,"valueName":"search_term_string"}}],"inLanguage":"fr-CA"},{"@type":"Organization","@id":"https:\/\/moduloc.ca\/fr\/#organization","name":"Modu-Loc Canada","url":"https:\/\/moduloc.ca\/fr\/","logo":{"@type":"ImageObject","inLanguage":"fr-CA","@id":"https:\/\/moduloc.ca\/fr\/#\/schema\/logo\/image\/","url":"https:\/\/moduloc.ca\/wp-content\/uploads\/2021\/11\/Moduloc-Logo1.svg","contentUrl":"https:\/\/moduloc.ca\/wp-content\/uploads\/2021\/11\/Moduloc-Logo1.svg","width":"1024","height":"1024","caption":"Modu-Loc Canada"},"image":{"@id":"https:\/\/moduloc.ca\/fr\/#\/schema\/logo\/image\/"},"sameAs":["https:\/\/x.com\/ModulocFence","https:\/\/www.instagram.com\/moduloc\/","https:\/\/www.linkedin.com\/company\/modu-loc-fence-rentals-ltd\/","https:\/\/www.youtube.com\/modulocfencerentals"]}]}},"_links":{"self":[{"href":"https:\/\/moduloc.ca\/fr\/wp-json\/wp\/v2\/pages\/1685","targetHints":{"allow":["GET"]}}],"collection":[{"href":"https:\/\/moduloc.ca\/fr\/wp-json\/wp\/v2\/pages"}],"about":[{"href":"https:\/\/moduloc.ca\/fr\/wp-json\/wp\/v2\/types\/page"}],"author":[{"embeddable":true,"href":"https:\/\/moduloc.ca\/fr\/wp-json\/wp\/v2\/users\/1"}],"replies":[{"embeddable":true,"href":"https:\/\/moduloc.ca\/fr\/wp-json\/wp\/v2\/comments?post=1685"}],"version-history":[{"count":5,"href":"https:\/\/moduloc.ca\/fr\/wp-json\/wp\/v2\/pages\/1685\/revisions"}],"predecessor-version":[{"id":2562,"href":"https:\/\/moduloc.ca\/fr\/wp-json\/wp\/v2\/pages\/1685\/revisions\/2562"}],"up":[{"embeddable":true,"href":"https:\/\/moduloc.ca\/fr\/wp-json\/wp\/v2\/pages\/1682"}],"wp:featuredmedia":[{"embeddable":true,"href":"https:\/\/moduloc.ca\/fr\/wp-json\/wp\/v2\/media\/4836"}],"wp:attachment":[{"href":"https:\/\/moduloc.ca\/fr\/wp-json\/wp\/v2\/media?parent=1685"}],"wp:term":[{"taxonomy":"category","embeddable":true,"href":"https:\/\/moduloc.ca\/fr\/wp-json\/wp\/v2\/categories?post=1685"}],"curies":[{"name":"wp","href":"https:\/\/api.w.org\/{rel}","templated":true}]}}